{"id":999,"date":"2024-11-21T15:56:05","date_gmt":"2024-11-21T14:56:05","guid":{"rendered":"https:\/\/janecosmetique.fr\/?post_type=product&#038;p=999"},"modified":"2024-11-25T10:39:02","modified_gmt":"2024-11-25T09:39:02","slug":"shampoing-demelant-hydratation-profonde","status":"publish","type":"product","link":"https:\/\/janecosmetique.fr\/?product=shampoing-demelant-hydratation-profonde","title":{"rendered":"SHAMPOING D\u00c9M\u00caLANT HYDRATATION PROFONDE"},"content":{"rendered":"<p style=\"text-align: left;\">D\u00e9couvrez notre shampoing sp\u00e9cialement con\u00e7u pour sublimer les cheveux textures et boucl\u00e9s.<\/p>\n<p style=\"text-align: left;\">Gr\u00e2ce \u00e0 sa formule riche et naturelle, il hydrate, nourrit et nettoie en douceur tout en procurant une mousse d\u00e9licate.<\/p>\n","protected":false},"excerpt":{"rendered":"<p>D\u00e9couvrez notre shampoing sp\u00e9cialement con\u00e7u pour sublimer les cheveux textures et boucl\u00e9s. Gr\u00e2ce \u00e0 sa formule riche et naturelle, il hydrate, nourrit et nettoie en douceur tout en procurant une [&hellip;]<\/p>\n","protected":false},"featured_media":1009,"comment_status":"open","ping_status":"closed","template":"","meta":{"_uag_custom_page_level_css":""},"product_brand":[],"product_cat":[64],"product_tag":[],"class_list":{"0":"post-999","1":"product","2":"type-product","3":"status-publish","4":"has-post-thumbnail","6":"product_cat-cosmetics","8":"first","9":"instock","10":"shipping-taxable","11":"purchasable","12":"product-type-simple"},"uagb_featured_image_src":{"full":["https:\/\/janecosmetique.fr\/wp-content\/uploads\/2024\/11\/IMG_1881-2-scaled-e1732200243583.jpg",2064,1704,false],"thumbnail":["https:\/\/janecosmetique.fr\/wp-content\/uploads\/2024\/11\/IMG_1881-2-scaled-e1732200243583-150x150.jpg",150,150,true],"medium":["https:\/\/janecosmetique.fr\/wp-content\/uploads\/2024\/11\/IMG_1881-2-scaled-e1732200243583-300x248.jpg",300,248,true],"medium_large":["https:\/\/janecosmetique.fr\/wp-content\/uploads\/2024\/11\/IMG_1881-2-scaled-e1732200243583-768x634.jpg",768,634,true],"large":["https:\/\/janecosmetique.fr\/wp-content\/uploads\/2024\/11\/IMG_1881-2-scaled-e1732200243583-1024x845.jpg",1024,845,true],"1536x1536":["https:\/\/janecosmetique.fr\/wp-content\/uploads\/2024\/11\/IMG_1881-2-scaled-e1732200243583-1536x1268.jpg",1536,1268,true],"2048x2048":["https:\/\/janecosmetique.fr\/wp-content\/uploads\/2024\/11\/IMG_1881-2-scaled-e1732200243583-2048x1691.jpg",2048,1691,true],"botiga-extra-large":["https:\/\/janecosmetique.fr\/wp-content\/uploads\/2024\/11\/IMG_1881-2-scaled-e1732200243583-1140x941.jpg",1140,941,true],"botiga-large":["https:\/\/janecosmetique.fr\/wp-content\/uploads\/2024\/11\/IMG_1881-2-scaled-e1732200243583-920x760.jpg",920,760,true],"botiga-big":["https:\/\/janecosmetique.fr\/wp-content\/uploads\/2024\/11\/IMG_1881-2-scaled-e1732200243583-575x475.jpg",575,475,true],"botiga-medium":["https:\/\/janecosmetique.fr\/wp-content\/uploads\/2024\/11\/IMG_1881-2-scaled-e1732200243583-380x314.jpg",380,314,true],"woocommerce_thumbnail":["https:\/\/janecosmetique.fr\/wp-content\/uploads\/2024\/11\/IMG_1881-2-scaled-e1732200243583-420x347.jpg",420,347,true],"woocommerce_single":["https:\/\/janecosmetique.fr\/wp-content\/uploads\/2024\/11\/IMG_1881-2-scaled-e1732200243583-800x660.jpg",800,660,true],"woocommerce_gallery_thumbnail":["https:\/\/janecosmetique.fr\/wp-content\/uploads\/2024\/11\/IMG_1881-2-scaled-e1732200243583-100x100.jpg",100,100,true]},"uagb_author_info":{"display_name":"janecosmetique.fr","author_link":"https:\/\/janecosmetique.fr\/?author=0"},"uagb_comment_info":7,"uagb_excerpt":"D\u00e9couvrez notre shampoing sp\u00e9cialement con\u00e7u pour sublimer les cheveux textures et boucl\u00e9s. Gr\u00e2ce \u00e0 sa formule riche et naturelle, il hydrate, nourrit et nettoie en douceur tout en procurant une [&hellip;]","jetpack_sharing_enabled":true,"_links":{"self":[{"href":"https:\/\/janecosmetique.fr\/index.php?rest_route=\/wp\/v2\/product\/999","targetHints":{"allow":["GET"]}}],"collection":[{"href":"https:\/\/janecosmetique.fr\/index.php?rest_route=\/wp\/v2\/product"}],"about":[{"href":"https:\/\/janecosmetique.fr\/index.php?rest_route=\/wp\/v2\/types\/product"}],"replies":[{"embeddable":true,"href":"https:\/\/janecosmetique.fr\/index.php?rest_route=%2Fwp%2Fv2%2Fcomments&post=999"}],"wp:featuredmedia":[{"embeddable":true,"href":"https:\/\/janecosmetique.fr\/index.php?rest_route=\/wp\/v2\/media\/1009"}],"wp:attachment":[{"href":"https:\/\/janecosmetique.fr\/index.php?rest_route=%2Fwp%2Fv2%2Fmedia&parent=999"}],"wp:term":[{"taxonomy":"product_brand","embeddable":true,"href":"https:\/\/janecosmetique.fr\/index.php?rest_route=%2Fwp%2Fv2%2Fproduct_brand&post=999"},{"taxonomy":"product_cat","embeddable":true,"href":"https:\/\/janecosmetique.fr\/index.php?rest_route=%2Fwp%2Fv2%2Fproduct_cat&post=999"},{"taxonomy":"product_tag","embeddable":true,"href":"https:\/\/janecosmetique.fr\/index.php?rest_route=%2Fwp%2Fv2%2Fproduct_tag&post=999"}],"curies":[{"name":"wp","href":"https:\/\/api.w.org\/{rel}","templated":true}]}}