{"id":519,"date":"2024-04-15T19:09:26","date_gmt":"2024-04-15T17:09:26","guid":{"rendered":"https:\/\/janecosmetique.fr\/?post_type=product&#038;p=519"},"modified":"2025-06-04T20:09:25","modified_gmt":"2025-06-04T18:09:25","slug":"beurre-hydratation-intense","status":"publish","type":"product","link":"https:\/\/janecosmetique.fr\/?product=beurre-hydratation-intense","title":{"rendered":"BEURRE HYDRATATION INTENSE"},"content":{"rendered":"<p>D\u00e9couvrez notre chantilly capillaire, une formule naturelle qui nourrit vos cheveux en<br \/>\nprofondeur.<br \/>\nHydratation, douceur et souplesse sont les promesses de notre produit.<br \/>\nLaissez-vous transporter par l&rsquo;ar\u00f4me envo\u00fbtant du beurre de cacao qui parfume d\u00e9licatement<br \/>\nnotre chantilly, tandis qu&rsquo;une touche subtile de Mono\u00ef \u00e9voque les horizons lointains des terres<br \/>\nexotiques.<br \/>\nUn voyage sensoriel qui transformera vos rituels de soin en une exp\u00e9rience unique.<\/p>\n","protected":false},"excerpt":{"rendered":"<p>Beurre exotique, hydratant et parfum\u00e9 \u00e0 l&rsquo;huile de Mono\u00ef et au cacao.<\/p>\n","protected":false},"featured_media":520,"comment_status":"open","ping_status":"closed","template":"","meta":{"_uag_custom_page_level_css":""},"product_brand":[],"product_cat":[64],"product_tag":[],"class_list":{"0":"post-519","1":"product","2":"type-product","3":"status-publish","4":"has-post-thumbnail","6":"product_cat-cosmetics","8":"first","9":"instock","10":"shipping-taxable","11":"purchasable","12":"product-type-simple"},"uagb_featured_image_src":{"full":["https:\/\/janecosmetique.fr\/wp-content\/uploads\/2024\/04\/IMG_1408-2-scaled.jpg",2113,2560,false],"thumbnail":["https:\/\/janecosmetique.fr\/wp-content\/uploads\/2024\/04\/IMG_1408-2-150x150.jpg",150,150,true],"medium":["https:\/\/janecosmetique.fr\/wp-content\/uploads\/2024\/04\/IMG_1408-2-248x300.jpg",248,300,true],"medium_large":["https:\/\/janecosmetique.fr\/wp-content\/uploads\/2024\/04\/IMG_1408-2-768x930.jpg",768,930,true],"large":["https:\/\/janecosmetique.fr\/wp-content\/uploads\/2024\/04\/IMG_1408-2-845x1024.jpg",845,1024,true],"1536x1536":["https:\/\/janecosmetique.fr\/wp-content\/uploads\/2024\/04\/IMG_1408-2-1268x1536.jpg",1268,1536,true],"2048x2048":["https:\/\/janecosmetique.fr\/wp-content\/uploads\/2024\/04\/IMG_1408-2-1691x2048.jpg",1691,2048,true],"botiga-extra-large":["https:\/\/janecosmetique.fr\/wp-content\/uploads\/2024\/04\/IMG_1408-2-1140x1381.jpg",1140,1381,true],"botiga-large":["https:\/\/janecosmetique.fr\/wp-content\/uploads\/2024\/04\/IMG_1408-2-920x1114.jpg",920,1114,true],"botiga-big":["https:\/\/janecosmetique.fr\/wp-content\/uploads\/2024\/04\/IMG_1408-2-575x697.jpg",575,697,true],"botiga-medium":["https:\/\/janecosmetique.fr\/wp-content\/uploads\/2024\/04\/IMG_1408-2-380x460.jpg",380,460,true],"woocommerce_thumbnail":["https:\/\/janecosmetique.fr\/wp-content\/uploads\/2024\/04\/IMG_1408-2-420x509.jpg",420,509,true],"woocommerce_single":["https:\/\/janecosmetique.fr\/wp-content\/uploads\/2024\/04\/IMG_1408-2-800x969.jpg",800,969,true],"woocommerce_gallery_thumbnail":["https:\/\/janecosmetique.fr\/wp-content\/uploads\/2024\/04\/IMG_1408-2-100x100.jpg",100,100,true]},"uagb_author_info":{"display_name":"janecosmetique.fr","author_link":"https:\/\/janecosmetique.fr\/?author=0"},"uagb_comment_info":9,"uagb_excerpt":"Beurre exotique, hydratant et parfum\u00e9 \u00e0 l'huile de Mono\u00ef et au cacao.","jetpack_sharing_enabled":true,"_links":{"self":[{"href":"https:\/\/janecosmetique.fr\/index.php?rest_route=\/wp\/v2\/product\/519","targetHints":{"allow":["GET"]}}],"collection":[{"href":"https:\/\/janecosmetique.fr\/index.php?rest_route=\/wp\/v2\/product"}],"about":[{"href":"https:\/\/janecosmetique.fr\/index.php?rest_route=\/wp\/v2\/types\/product"}],"replies":[{"embeddable":true,"href":"https:\/\/janecosmetique.fr\/index.php?rest_route=%2Fwp%2Fv2%2Fcomments&post=519"}],"wp:featuredmedia":[{"embeddable":true,"href":"https:\/\/janecosmetique.fr\/index.php?rest_route=\/wp\/v2\/media\/520"}],"wp:attachment":[{"href":"https:\/\/janecosmetique.fr\/index.php?rest_route=%2Fwp%2Fv2%2Fmedia&parent=519"}],"wp:term":[{"taxonomy":"product_brand","embeddable":true,"href":"https:\/\/janecosmetique.fr\/index.php?rest_route=%2Fwp%2Fv2%2Fproduct_brand&post=519"},{"taxonomy":"product_cat","embeddable":true,"href":"https:\/\/janecosmetique.fr\/index.php?rest_route=%2Fwp%2Fv2%2Fproduct_cat&post=519"},{"taxonomy":"product_tag","embeddable":true,"href":"https:\/\/janecosmetique.fr\/index.php?rest_route=%2Fwp%2Fv2%2Fproduct_tag&post=519"}],"curies":[{"name":"wp","href":"https:\/\/api.w.org\/{rel}","templated":true}]}}