{"id":967,"date":"2024-04-28T14:26:42","date_gmt":"2024-04-28T12:26:42","guid":{"rendered":"https:\/\/janecosmetique.fr\/?page_id=967"},"modified":"2024-04-28T14:26:43","modified_gmt":"2024-04-28T12:26:43","slug":"politique-de-confidentialite","status":"publish","type":"page","link":"https:\/\/janecosmetique.fr\/?page_id=967","title":{"rendered":"Politique de Confidentialit\u00e9"},"content":{"rendered":"\n<h2 class=\"wp-block-heading\">1. Coordonn\u00e9es de l&rsquo;entreprise<\/h2>\n\n\n\n<ul class=\"wp-block-list\">\n<li>Nom de l&rsquo;entreprise : JANE<\/li>\n\n\n\n<li>Adresse du si\u00e8ge social : 612 route d\u2019henin lietard dourges<\/li>\n\n\n\n<li>Num\u00e9ro de t\u00e9l\u00e9phone et adresse email de contact : 0750068633, <a>sephorapitoula@gmail.com<\/a><\/li>\n<\/ul>\n\n\n\n<h2 class=\"wp-block-heading\">2. Donn\u00e9es collect\u00e9es<\/h2>\n\n\n\n<p>Nous collectons les types d&rsquo;informations personnelles suivants:<\/p>\n\n\n\n<ul class=\"wp-block-list\">\n<li>Noms, adresses, emails, num\u00e9ros de t\u00e9l\u00e9phone<\/li>\n\n\n\n<li>M\u00e9thodes de collecte : Ces donn\u00e9es sont collect\u00e9es lors de la cr\u00e9ation de comptes, des commandes, ou de l&rsquo;utilisation du site, et plus particuli\u00e8rement lors du passage des commandes.<\/li>\n<\/ul>\n\n\n\n<h2 class=\"wp-block-heading\">3. Utilisation des donn\u00e9es<\/h2>\n\n\n\n<p>Nous utilisons vos donn\u00e9es pour:<\/p>\n\n\n\n<ul class=\"wp-block-list\">\n<li>Traiter et suivre les commandes<\/li>\n\n\n\n<li>La base l\u00e9gale pour le traitement des donn\u00e9es est le consentement.<\/li>\n<\/ul>\n\n\n\n<h2 class=\"wp-block-heading\">4. Partage des donn\u00e9es<\/h2>\n\n\n\n<p>Nous ne partageons pas vos donn\u00e9es personnelles avec des tiers. Vos informations restent uniquement au sein de notre entreprise.<\/p>\n\n\n\n<h2 class=\"wp-block-heading\">5. Protection des donn\u00e9es<\/h2>\n\n\n\n<p>Nous prenons des mesures de s\u00e9curit\u00e9 pour prot\u00e9ger vos donn\u00e9es:<\/p>\n\n\n\n<ul class=\"wp-block-list\">\n<li>Les plateformes d&rsquo;h\u00e9bergement du site ainsi que les diff\u00e9rentes extensions assurent la s\u00e9curit\u00e9 des donn\u00e9es de mani\u00e8re fiable.<\/li>\n\n\n\n<li>En cas de violation des donn\u00e9es, nous informerons les clients dans les meilleurs d\u00e9lais.<\/li>\n<\/ul>\n\n\n\n<h2 class=\"wp-block-heading\">6. Droits des utilisateurs<\/h2>\n\n\n\n<p>Vous avez certains droits concernant vos donn\u00e9es personnelles:<\/p>\n\n\n\n<ul class=\"wp-block-list\">\n<li>Droit d&rsquo;acc\u00e8s, de rectification, de suppression.<\/li>\n\n\n\n<li>Pour exercer ces droits, vous pouvez envoyer un email \u00e0 JANE avec votre requ\u00eate.<\/li>\n<\/ul>\n\n\n\n<h2 class=\"wp-block-heading\">7. Dur\u00e9e de conservation des donn\u00e9es<\/h2>\n\n\n\n<ul class=\"wp-block-list\">\n<li>Dur\u00e9e de conservation des donn\u00e9es personnelles : Jusqu&rsquo;\u00e0 un an.<\/li>\n\n\n\n<li>Justification : Cela nous permet de faciliter les commandes si vous achetez \u00e0 nouveau au cours de l&rsquo;ann\u00e9e.<\/li>\n<\/ul>\n\n\n\n<h2 class=\"wp-block-heading\">8. Cookies et technologies similaires<\/h2>\n\n\n\n<p>Nous n&rsquo;utilisons pas de cookies ni d&rsquo;autres technologies de suivi sur notre site.<\/p>\n\n\n\n<h2 class=\"wp-block-heading\">9. Modifications de la politique de confidentialit\u00e9<\/h2>\n\n\n\n<ul class=\"wp-block-list\">\n<li>Les clients seront inform\u00e9s des modifications de notre politique de confidentialit\u00e9 via les Conditions G\u00e9n\u00e9rales de Vente. Nous vous invitons \u00e0 les consulter r\u00e9guli\u00e8rement pour rester inform\u00e9s des changements.<\/li>\n<\/ul>\n","protected":false},"excerpt":{"rendered":"<p>1. Coordonn\u00e9es de l&rsquo;entreprise 2. Donn\u00e9es collect\u00e9es Nous collectons les types d&rsquo;informations personnelles suivants: 3. Utilisation des donn\u00e9es Nous utilisons vos donn\u00e9es pour: 4. Partage des donn\u00e9es Nous ne partageons [&hellip;]<\/p>\n","protected":false},"author":1,"featured_media":0,"parent":0,"menu_order":0,"comment_status":"closed","ping_status":"closed","template":"","meta":{"_uag_custom_page_level_css":"","footnotes":""},"class_list":["post-967","page","type-page","status-publish","hentry"],"uagb_featured_image_src":{"full":false,"thumbnail":false,"medium":false,"medium_large":false,"large":false,"1536x1536":false,"2048x2048":false,"botiga-extra-large":false,"botiga-large":false,"botiga-big":false,"botiga-medium":false,"woocommerce_thumbnail":false,"woocommerce_single":false,"woocommerce_gallery_thumbnail":false},"uagb_author_info":{"display_name":"janecosmetique.fr","author_link":"https:\/\/janecosmetique.fr\/?author=1"},"uagb_comment_info":0,"uagb_excerpt":"1. Coordonn\u00e9es de l&rsquo;entreprise 2. Donn\u00e9es collect\u00e9es Nous collectons les types d&rsquo;informations personnelles suivants: 3. Utilisation des donn\u00e9es Nous utilisons vos donn\u00e9es pour: 4. Partage des donn\u00e9es Nous ne partageons [&hellip;]","jetpack_sharing_enabled":true,"_links":{"self":[{"href":"https:\/\/janecosmetique.fr\/index.php?rest_route=\/wp\/v2\/pages\/967","targetHints":{"allow":["GET"]}}],"collection":[{"href":"https:\/\/janecosmetique.fr\/index.php?rest_route=\/wp\/v2\/pages"}],"about":[{"href":"https:\/\/janecosmetique.fr\/index.php?rest_route=\/wp\/v2\/types\/page"}],"author":[{"embeddable":true,"href":"https:\/\/janecosmetique.fr\/index.php?rest_route=\/wp\/v2\/users\/1"}],"replies":[{"embeddable":true,"href":"https:\/\/janecosmetique.fr\/index.php?rest_route=%2Fwp%2Fv2%2Fcomments&post=967"}],"version-history":[{"count":1,"href":"https:\/\/janecosmetique.fr\/index.php?rest_route=\/wp\/v2\/pages\/967\/revisions"}],"predecessor-version":[{"id":968,"href":"https:\/\/janecosmetique.fr\/index.php?rest_route=\/wp\/v2\/pages\/967\/revisions\/968"}],"wp:attachment":[{"href":"https:\/\/janecosmetique.fr\/index.php?rest_route=%2Fwp%2Fv2%2Fmedia&parent=967"}],"curies":[{"name":"wp","href":"https:\/\/api.w.org\/{rel}","templated":true}]}}